{"id":457,"date":"2024-08-26T10:10:19","date_gmt":"2024-08-26T08:10:19","guid":{"rendered":"https:\/\/www.expresstaxi.sk\/save\/"},"modified":"2024-08-30T16:19:02","modified_gmt":"2024-08-30T14:19:02","slug":"save","status":"publish","type":"page","link":"https:\/\/www.expresstaxi.sk\/en\/save\/","title":{"rendered":"Save"},"content":{"rendered":"\t\t<div data-elementor-type=\"wp-page\" data-elementor-id=\"457\" class=\"elementor elementor-457 elementor-345\" data-elementor-post-type=\"page\">\n\t\t\t\t<div class=\"elementor-element elementor-element-bdfdfeb e-flex e-con-boxed e-con e-parent\" data-id=\"bdfdfeb\" data-element_type=\"container\" data-e-type=\"container\">\n\t\t\t\t\t<div class=\"e-con-inner\">\n\t\t\t\t<div class=\"elementor-element elementor-element-b45ffa4 elementor-widget elementor-widget-heading\" data-id=\"b45ffa4\" data-element_type=\"widget\" data-e-type=\"widget\" data-widget_type=\"heading.default\">\n\t\t\t\t<div class=\"elementor-widget-container\">\n\t\t\t\t\t<h1 class=\"elementor-heading-title elementor-size-default\">Save us on your mobile<\/h1>\t\t\t\t<\/div>\n\t\t\t\t<\/div>\n\t\t\t\t\t<\/div>\n\t\t\t\t<\/div>\n\t\t<div class=\"elementor-element elementor-element-d4fafc0 e-flex e-con-boxed e-con e-parent\" data-id=\"d4fafc0\" data-element_type=\"container\" data-e-type=\"container\">\n\t\t\t\t\t<div class=\"e-con-inner\">\n\t\t<div class=\"elementor-element elementor-element-20b1487 e-con-full e-flex e-con e-child\" data-id=\"20b1487\" data-element_type=\"container\" data-e-type=\"container\" data-settings=\"{&quot;background_background&quot;:&quot;classic&quot;}\">\n\t\t\t\t<div class=\"elementor-element elementor-element-b8b9817 elementor-view-default elementor-widget elementor-widget-icon\" data-id=\"b8b9817\" data-element_type=\"widget\" data-e-type=\"widget\" data-widget_type=\"icon.default\">\n\t\t\t\t<div class=\"elementor-widget-container\">\n\t\t\t\t\t\t\t<div class=\"elementor-icon-wrapper\">\n\t\t\t<div class=\"elementor-icon\">\n\t\t\t<svg xmlns=\"http:\/\/www.w3.org\/2000\/svg\" xmlns:xlink=\"http:\/\/www.w3.org\/1999\/xlink\" id=\"Capa_1\" x=\"0px\" y=\"0px\" viewBox=\"0 0 511.941 511.941\" style=\"enable-background:new 0 0 511.941 511.941;\" xml:space=\"preserve\" width=\"512\" height=\"512\"><g>\t<path style=\"fill:none;stroke:#000000;stroke-width:15;stroke-linecap:round;stroke-linejoin:round;stroke-miterlimit:10;\" d=\"&#10;&#9;&#9;M293.675,7.5h22.71c24.85,0,45,20.15,45,45v186.72\"><\/path>\t<path style=\"fill:none;stroke:#000000;stroke-width:15;stroke-linecap:round;stroke-linejoin:round;stroke-miterlimit:10;\" d=\"&#10;&#9;&#9;M90.325,188.92V52.5c0-24.85,20.14-45,45-45h123.35\"><\/path>\t<path style=\"fill:none;stroke:#000000;stroke-width:15;stroke-linecap:round;stroke-linejoin:round;stroke-miterlimit:10;\" d=\"&#10;&#9;&#9;M90.325,223.92v130.11c0,24.85,20.14,45,45,45h88.53\"><\/path>\t\t\t<line style=\"fill:none;stroke:#000000;stroke-width:15;stroke-linecap:round;stroke-linejoin:round;stroke-miterlimit:10;\" x1=\"173.146\" y1=\"37.617\" x2=\"248.441\" y2=\"37.617\"><\/line>\t\t\t<line style=\"fill:none;stroke:#000000;stroke-width:15;stroke-linecap:round;stroke-linejoin:round;stroke-miterlimit:10;\" x1=\"278.558\" y1=\"37.617\" x2=\"278.558\" y2=\"37.617\"><\/line>\t\t\t<line style=\"fill:none;stroke:#000000;stroke-width:15;stroke-linecap:round;stroke-linejoin:round;stroke-miterlimit:10;\" x1=\"93.378\" y1=\"67.735\" x2=\"358.327\" y2=\"67.735\"><\/line>\t<path style=\"fill:none;stroke:#000000;stroke-width:15;stroke-linecap:round;stroke-linejoin:round;stroke-miterlimit:10;\" d=\"&#10;&#9;&#9;M239.245,255.97h-73.75c-16.56,0-30-13.43-30-30v-45.41c0-16.57,13.44-30,30-30h120.71c16.57,0,30,13.43,30,30&#10;&#9;&#9;c0,50.221,0.28,47.824-0.828,52.408\"><\/path>\t\t\t<line style=\"fill:none;stroke:#000000;stroke-width:15;stroke-linecap:round;stroke-linejoin:round;stroke-miterlimit:10;\" x1=\"163.518\" y1=\"338.79\" x2=\"91.542\" y2=\"338.79\"><\/line>\t<path style=\"fill:none;stroke:#000000;stroke-width:15;stroke-linecap:round;stroke-linejoin:round;stroke-miterlimit:10;\" d=\"&#10;&#9;&#9;M259.825,433l-89.78-89.79c-6.86-6.86-7.62-17.72-1.81-25.48c6.76-9.04,19.71-10.4,28.23-3.15l19.87,16.92&#10;&#9;&#9;c9.92,8.44,25.14,1.1,24.71-11.92l-0.13-116.32c0-12.47,10.11-22.58,22.59-22.58c12.45,0,22.59,10.09,22.59,22.58v52.71&#10;&#9;&#9;c0-15.1,14.53-25.91,28.93-21.68c9.39,2.73,16.24,11.4,16.24,21.68v7.53c0-15.88,15.85-26.49,30.12-21.28&#10;&#9;&#9;c8.85,3.21,15.06,11.92,15.06,21.81v7c0-12.75,10.55-23.03,23.4-22.58c12.24,0.43,21.77,10.86,21.77,23.1v40.56&#10;&#9;&#9;c0,3.87-0.06,7.74-0.19,11.62\"><\/path>\t<path style=\"fill:none;stroke:#000000;stroke-width:15;stroke-linecap:round;stroke-linejoin:round;stroke-miterlimit:10;\" d=\"&#10;&#9;&#9;M400.795,431.85c8.64-24.08,14.5-48.6,17.75-73.12\"><\/path>\t<path style=\"fill:none;stroke:#000000;stroke-width:15;stroke-linecap:round;stroke-linejoin:round;stroke-miterlimit:10;\" d=\"&#10;&#9;&#9;M384.088,504.441H278.441c-16.569,0-30-13.431-30-30v-15.294c0-16.569,13.431-30,30-30h105.647c16.569,0,30,13.431,30,30v15.294&#10;&#9;&#9;C414.088,491.009,400.656,504.441,384.088,504.441z\"><\/path>\t\t\t<line style=\"fill:none;stroke:#000000;stroke-width:15;stroke-linecap:round;stroke-linejoin:round;stroke-miterlimit:10;\" x1=\"286.092\" y1=\"255.966\" x2=\"286.083\" y2=\"286.084\"><\/line>\t\t\t<line style=\"fill:none;stroke:#000000;stroke-width:15;stroke-linecap:round;stroke-linejoin:round;stroke-miterlimit:10;\" x1=\"331.262\" y1=\"263.5\" x2=\"331.259\" y2=\"286.088\"><\/line>\t\t\t<line style=\"fill:none;stroke:#000000;stroke-width:15;stroke-linecap:round;stroke-linejoin:round;stroke-miterlimit:10;\" x1=\"376.442\" y1=\"271.03\" x2=\"376.436\" y2=\"286.088\"><\/line><\/g><\/svg>\t\t\t<\/div>\n\t\t<\/div>\n\t\t\t\t\t\t<\/div>\n\t\t\t\t<\/div>\n\t\t\t\t<div class=\"elementor-element elementor-element-961d838 elementor-widget elementor-widget-heading\" data-id=\"961d838\" data-element_type=\"widget\" data-e-type=\"widget\" data-widget_type=\"heading.default\">\n\t\t\t\t<div class=\"elementor-widget-container\">\n\t\t\t\t\t<h2 class=\"elementor-heading-title elementor-size-default\">Save the app <br>to your mobile<\/h2>\t\t\t\t<\/div>\n\t\t\t\t<\/div>\n\t\t<div class=\"elementor-element elementor-element-3060218 e-con-full e-flex e-con e-child\" data-id=\"3060218\" data-element_type=\"container\" data-e-type=\"container\" data-settings=\"{&quot;background_background&quot;:&quot;classic&quot;}\">\n\t\t<div class=\"elementor-element elementor-element-f875b47 e-con-full e-flex e-con e-child\" data-id=\"f875b47\" data-element_type=\"container\" data-e-type=\"container\">\n\t\t\t\t<div class=\"elementor-element elementor-element-2125ff4 elementor-align-center elementor-icon-list--layout-traditional elementor-list-item-link-full_width elementor-widget elementor-widget-icon-list\" data-id=\"2125ff4\" data-element_type=\"widget\" data-e-type=\"widget\" data-widget_type=\"icon-list.default\">\n\t\t\t\t<div class=\"elementor-widget-container\">\n\t\t\t\t\t\t\t<ul class=\"elementor-icon-list-items\">\n\t\t\t\t\t\t\t<li class=\"elementor-icon-list-item\">\n\t\t\t\t\t\t\t\t\t\t\t<span class=\"elementor-icon-list-icon\">\n\t\t\t\t\t\t\t<svg aria-hidden=\"true\" class=\"e-font-icon-svg e-fab-apple\" viewBox=\"0 0 384 512\" xmlns=\"http:\/\/www.w3.org\/2000\/svg\"><path d=\"M318.7 268.7c-.2-36.7 16.4-64.4 50-84.8-18.8-26.9-47.2-41.7-84.7-44.6-35.5-2.8-74.3 20.7-88.5 20.7-15 0-49.4-19.7-76.4-19.7C63.3 141.2 4 184.8 4 273.5q0 39.3 14.4 81.2c12.8 36.7 59 126.7 107.2 125.2 25.2-.6 43-17.9 75.8-17.9 31.8 0 48.3 17.9 76.4 17.9 48.6-.7 90.4-82.5 102.6-119.3-65.2-30.7-61.7-90-61.7-91.9zm-56.6-164.2c27.3-32.4 24.8-61.9 24-72.5-24.1 1.4-52 16.4-67.9 34.9-17.5 19.8-27.8 44.3-25.6 71.9 26.1 2 49.9-11.4 69.5-34.3z\"><\/path><\/svg>\t\t\t\t\t\t<\/span>\n\t\t\t\t\t\t\t\t\t\t<span class=\"elementor-icon-list-text\">IOS<\/span>\n\t\t\t\t\t\t\t\t\t<\/li>\n\t\t\t\t\t\t<\/ul>\n\t\t\t\t\t\t<\/div>\n\t\t\t\t<\/div>\n\t\t\t\t<div class=\"elementor-element elementor-element-d53998b elementor-widget elementor-widget-image\" data-id=\"d53998b\" data-element_type=\"widget\" data-e-type=\"widget\" data-widget_type=\"image.default\">\n\t\t\t\t<div class=\"elementor-widget-container\">\n\t\t\t\t\t\t\t\t\t\t\t\t\t\t\t<img fetchpriority=\"high\" decoding=\"async\" width=\"888\" height=\"1920\" src=\"https:\/\/www.expresstaxi.sk\/wp-content\/uploads\/2024\/08\/uloz-apple.gif\" class=\"attachment-full size-full wp-image-395\" alt=\"\" \/>\t\t\t\t\t\t\t\t\t\t\t\t\t\t\t<\/div>\n\t\t\t\t<\/div>\n\t\t\t\t<\/div>\n\t\t<div class=\"elementor-element elementor-element-cf0c042 e-con-full e-flex e-con e-child\" data-id=\"cf0c042\" data-element_type=\"container\" data-e-type=\"container\">\n\t\t\t\t<div class=\"elementor-element elementor-element-2bfa425 elementor-align-center elementor-icon-list--layout-traditional elementor-list-item-link-full_width elementor-widget elementor-widget-icon-list\" data-id=\"2bfa425\" data-element_type=\"widget\" data-e-type=\"widget\" data-widget_type=\"icon-list.default\">\n\t\t\t\t<div class=\"elementor-widget-container\">\n\t\t\t\t\t\t\t<ul class=\"elementor-icon-list-items\">\n\t\t\t\t\t\t\t<li class=\"elementor-icon-list-item\">\n\t\t\t\t\t\t\t\t\t\t\t<span class=\"elementor-icon-list-icon\">\n\t\t\t\t\t\t\t<svg aria-hidden=\"true\" class=\"e-font-icon-svg e-fab-android\" viewBox=\"0 0 576 512\" xmlns=\"http:\/\/www.w3.org\/2000\/svg\"><path d=\"M420.55,301.93a24,24,0,1,1,24-24,24,24,0,0,1-24,24m-265.1,0a24,24,0,1,1,24-24,24,24,0,0,1-24,24m273.7-144.48,47.94-83a10,10,0,1,0-17.27-10h0l-48.54,84.07a301.25,301.25,0,0,0-246.56,0L116.18,64.45a10,10,0,1,0-17.27,10h0l47.94,83C64.53,202.22,8.24,285.55,0,384H576c-8.24-98.45-64.54-181.78-146.85-226.55\"><\/path><\/svg>\t\t\t\t\t\t<\/span>\n\t\t\t\t\t\t\t\t\t\t<span class=\"elementor-icon-list-text\">Android<\/span>\n\t\t\t\t\t\t\t\t\t<\/li>\n\t\t\t\t\t\t<\/ul>\n\t\t\t\t\t\t<\/div>\n\t\t\t\t<\/div>\n\t\t\t\t<div class=\"elementor-element elementor-element-13e964f elementor-widget elementor-widget-image\" data-id=\"13e964f\" data-element_type=\"widget\" data-e-type=\"widget\" data-widget_type=\"image.default\">\n\t\t\t\t<div class=\"elementor-widget-container\">\n\t\t\t\t\t\t\t\t\t\t\t\t\t\t\t<img decoding=\"async\" width=\"864\" height=\"1920\" src=\"https:\/\/www.expresstaxi.sk\/wp-content\/uploads\/2024\/08\/uloz-android-1.gif\" class=\"attachment-full size-full wp-image-421\" alt=\"uloz-android\" \/>\t\t\t\t\t\t\t\t\t\t\t\t\t\t\t<\/div>\n\t\t\t\t<\/div>\n\t\t\t\t<\/div>\n\t\t\t\t<\/div>\n\t\t\t\t<\/div>\n\t\t<div class=\"elementor-element elementor-element-326f178 e-con-full e-flex e-con e-child\" data-id=\"326f178\" data-element_type=\"container\" data-e-type=\"container\" data-settings=\"{&quot;background_background&quot;:&quot;classic&quot;}\">\n\t\t\t\t<div class=\"elementor-element elementor-element-fe4a4af elementor-view-default elementor-widget elementor-widget-icon\" data-id=\"fe4a4af\" data-element_type=\"widget\" data-e-type=\"widget\" data-widget_type=\"icon.default\">\n\t\t\t\t<div class=\"elementor-widget-container\">\n\t\t\t\t\t\t\t<div class=\"elementor-icon-wrapper\">\n\t\t\t<div class=\"elementor-icon\">\n\t\t\t<svg xmlns=\"http:\/\/www.w3.org\/2000\/svg\" id=\"Layer_1\" viewBox=\"0 0 512 512\"><path d=\"m229.093 448.097c0 11.939 9.714 21.653 21.653 21.653h36.496c11.939 0 21.653-9.714 21.653-21.653s-9.714-21.653-21.653-21.653h-36.496c-11.939-.001-21.653 9.713-21.653 21.653zm63.803 0c0 3.117-2.536 5.653-5.653 5.653h-36.496c-3.117 0-5.653-2.536-5.653-5.653s2.536-5.653 5.653-5.653h36.496c3.116-.001 5.653 2.535 5.653 5.653zm-175.863-147.491c5.977-6.224 9.662-14.663 9.662-23.953 0-19.087-15.528-34.615-34.615-34.615s-34.615 15.528-34.615 34.615c0 9.289 3.685 17.729 9.661 23.952-19.075 8.582-32.979 26.746-35.337 48.788-.242 2.257.486 4.511 2.004 6.199s3.681 2.652 5.95 2.652l104.674-.001c2.27 0 4.433-.965 5.95-2.652 1.518-1.688 2.246-3.942 2.004-6.199-2.36-22.041-16.264-40.204-35.338-48.786zm-24.954-42.568c10.265 0 18.615 8.351 18.615 18.615s-8.351 18.615-18.615 18.615-18.615-8.351-18.615-18.615 8.35-18.615 18.615-18.615zm-42.524 84.207c5.785-18.16 22.735-30.977 42.523-30.977s36.738 12.816 42.523 30.976zm187.275-42.103c0 4.418-3.582 8-8 8h-55.953c-4.418 0-8-3.582-8-8s3.582-8 8-8h55.953c4.418 0 8 3.582 8 8zm0 35.585c0 4.418-3.582 8-8 8h-55.953c-4.418 0-8-3.582-8-8s3.582-8 8-8h55.953c4.418 0 8 3.582 8 8zm0-71.17c0 4.418-3.582 8-8 8h-55.953c-4.418 0-8-3.582-8-8s3.582-8 8-8h55.953c4.418 0 8 3.582 8 8zm249.451-175.045h-78.061v-52.728c0-15.871-12.912-28.784-28.784-28.784h-220.883c-15.872 0-28.784 12.913-28.784 28.784v166.901h-103.454c-9.319 0-16.901 7.582-16.901 16.901v159.111c0 9.319 7.582 16.901 16.901 16.901h103.453v78.617c0 15.872 12.912 28.784 28.784 28.784h220.883c15.872 0 28.784-12.912 28.784-28.784v-168.908c3.81 1.116 7.65 2.141 11.521 3.065 3.256.777 6.514 1.155 9.722 1.155 13.643-.001 26.36-6.834 34.027-18.834l16.729-26.183c3.453-5.404 4.277-11.974 2.261-18.024s-6.615-10.812-12.619-13.064l-50.02-18.767c-3.859-1.449-7.822-1.755-11.62-.964v-20.354h78.062c8.99 0 16.305-7.314 16.305-16.305v-72.217c-.001-8.989-7.316-16.303-16.306-16.303zm-57.6 55.393-44.721-39.393h89.441zm-25.362-1.018-32.545 25.871v-54.539zm12.198 10.744 7.876 6.938c1.512 1.332 3.399 1.997 5.288 1.997s3.776-.666 5.288-1.997l7.875-6.938 29.822 23.707h-85.973zm38.524-10.744 32.545-28.668v54.539zm-122.135-119.887-4.837 14.887h-116.149l-4.837-14.887zm-306.492 355.697v-159.111c0-.48.421-.901.901-.901h222.906c.479 0 .9.421.9.901v159.111c0 .48-.421.901-.9.901h-222.906c-.48.001-.901-.42-.901-.901zm388.805-149.062 50.02 18.768c2.003.751 2.777 2.291 3.062 3.142.283.852.587 2.549-.564 4.352l-16.729 26.182c-5.836 9.134-16.012 13.245-26.553 10.731-40.315-9.621-77.329-30.58-107.102-60.672-30.031-29.711-50.99-66.725-60.611-107.04-2.516-10.542 1.597-20.717 10.731-26.553l26.183-16.728c.987-.631 1.943-.825 2.746-.825.662 0 1.22.132 1.604.261.852.284 2.392 1.058 3.143 3.062l18.768 50.019c.614 1.636.458 3.082-.492 4.549l-10.91 16.846c-4.523 6.985-4.571 15.694-.123 22.728 7.932 12.542 17.314 24.252 27.888 34.808 10.561 10.579 22.275 19.965 34.819 27.898 7.034 4.448 15.743 4.401 22.728-.124l16.844-10.909c1.466-.954 2.91-1.111 4.548-.495zm-21.999-7.268-8.092 5.241c-1.759 1.14-3.705 1.151-5.479.03-11.541-7.299-22.323-15.938-32.046-25.679-.004-.003-.007-.007-.011-.01-9.738-9.721-18.378-20.503-25.678-32.046-1.121-1.773-1.111-3.719.029-5.479l10.91-16.846c3.725-5.752 4.45-12.452 2.043-18.867l-18.768-50.018c-2.253-6.004-7.015-10.604-13.064-12.62-6.053-2.017-12.621-1.192-18.024 2.261l-26.183 16.728c-14.821 9.47-21.761 26.643-17.679 43.75 10.314 43.224 32.765 82.887 64.86 114.64 24.929 25.197 54.677 44.432 87.181 56.541v174.224c0 7.049-5.735 12.784-12.784 12.784h-220.882c-7.049 0-12.784-5.735-12.784-12.784v-78.617h103.453c9.319 0 16.9-7.582 16.9-16.901v-159.113c0-9.319-7.581-16.901-16.9-16.901h-103.453v-166.901c0-7.049 5.735-12.784 12.784-12.784h30.707l8.24 25.359c1.071 3.296 4.143 5.528 7.608 5.528h127.773c3.466 0 6.537-2.231 7.608-5.528l8.24-25.359h30.707c7.049 0 12.784 5.735 12.784 12.784v52.728h-21.141c-8.99 0-16.305 7.314-16.305 16.305v72.217c0 8.99 7.314 16.305 16.305 16.305h21.141z\"><\/path><\/svg>\t\t\t<\/div>\n\t\t<\/div>\n\t\t\t\t\t\t<\/div>\n\t\t\t\t<\/div>\n\t\t\t\t<div class=\"elementor-element elementor-element-d3a4f83 elementor-widget elementor-widget-heading\" data-id=\"d3a4f83\" data-element_type=\"widget\" data-e-type=\"widget\" data-widget_type=\"heading.default\">\n\t\t\t\t<div class=\"elementor-widget-container\">\n\t\t\t\t\t<h2 class=\"elementor-heading-title elementor-size-default\">Save us in your contacts<\/h2>\t\t\t\t<\/div>\n\t\t\t\t<\/div>\n\t\t\t\t<div class=\"elementor-element elementor-element-254b834 elementor-widget elementor-widget-button\" data-id=\"254b834\" data-element_type=\"widget\" data-e-type=\"widget\" data-widget_type=\"button.default\">\n\t\t\t\t<div class=\"elementor-widget-container\">\n\t\t\t\t\t\t\t\t\t<div class=\"elementor-button-wrapper\">\n\t\t\t\t\t<a class=\"elementor-button elementor-button-link elementor-size-sm\" href=\"https:\/\/www.expresstaxi.sk\/wp-content\/uploads\/2024\/08\/Express-Taxi-Kezmarok.vcf\" target=\"_blank\" id=\"stiahnut-vizitku\">\n\t\t\t\t\t\t<span class=\"elementor-button-content-wrapper\">\n\t\t\t\t\t\t<span class=\"elementor-button-icon\">\n\t\t\t\t<svg aria-hidden=\"true\" class=\"e-font-icon-svg e-fas-download\" viewBox=\"0 0 512 512\" xmlns=\"http:\/\/www.w3.org\/2000\/svg\"><path d=\"M216 0h80c13.3 0 24 10.7 24 24v168h87.7c17.8 0 26.7 21.5 14.1 34.1L269.7 378.3c-7.5 7.5-19.8 7.5-27.3 0L90.1 226.1c-12.6-12.6-3.7-34.1 14.1-34.1H192V24c0-13.3 10.7-24 24-24zm296 376v112c0 13.3-10.7 24-24 24H24c-13.3 0-24-10.7-24-24V376c0-13.3 10.7-24 24-24h146.7l49 49c20.1 20.1 52.5 20.1 72.6 0l49-49H488c13.3 0 24 10.7 24 24zm-124 88c0-11-9-20-20-20s-20 9-20 20 9 20 20 20 20-9 20-20zm64 0c0-11-9-20-20-20s-20 9-20 20 9 20 20 20 20-9 20-20z\"><\/path><\/svg>\t\t\t<\/span>\n\t\t\t\t\t\t\t\t\t<span class=\"elementor-button-text\">Download contact card<\/span>\n\t\t\t\t\t<\/span>\n\t\t\t\t\t<\/a>\n\t\t\t\t<\/div>\n\t\t\t\t\t\t\t\t<\/div>\n\t\t\t\t<\/div>\n\t\t\t\t<\/div>\n\t\t\t\t\t<\/div>\n\t\t\t\t<\/div>\n\t\t\t\t<\/div>\n\t\t","protected":false},"excerpt":{"rendered":"<p>Save us on your mobile Save the app to your mobile IOS Android Save us in your contacts Download contact card<\/p>\n","protected":false},"author":1,"featured_media":0,"parent":0,"menu_order":0,"comment_status":"closed","ping_status":"closed","template":"","meta":{"footnotes":""},"class_list":["post-457","page","type-page","status-publish","hentry"],"yoast_head":"<!-- This site is optimized with the Yoast SEO plugin v27.5 - https:\/\/yoast.com\/product\/yoast-seo-wordpress\/ -->\n<title>Save - Express Taxi Ke\u017emarok<\/title>\n<meta name=\"description\" content=\"Express Taxi Ke\u017emarok - reliable taxi service in Ke\u017emarok. Only we drive on red! Fast and comfortable transport whenever you need.\" \/>\n<meta name=\"robots\" content=\"index, follow, max-snippet:-1, max-image-preview:large, max-video-preview:-1\" \/>\n<link rel=\"canonical\" href=\"https:\/\/www.expresstaxi.sk\/en\/save\/\" \/>\n<meta property=\"og:locale\" content=\"en_US\" \/>\n<meta property=\"og:type\" content=\"article\" \/>\n<meta property=\"og:title\" content=\"Save - Express Taxi Ke\u017emarok\" \/>\n<meta property=\"og:description\" content=\"Express Taxi Ke\u017emarok - reliable taxi service in Ke\u017emarok. Only we drive on red! Fast and comfortable transport whenever you need.\" \/>\n<meta property=\"og:url\" content=\"https:\/\/www.expresstaxi.sk\/en\/save\/\" \/>\n<meta property=\"og:site_name\" content=\"Express Taxi Ke\u017emarok\" \/>\n<meta property=\"article:modified_time\" content=\"2024-08-30T14:19:02+00:00\" \/>\n<meta property=\"og:image\" content=\"https:\/\/www.expresstaxi.sk\/wp-content\/uploads\/2024\/08\/uloz-apple.gif\" \/>\n<meta name=\"twitter:card\" content=\"summary_large_image\" \/>\n<meta name=\"twitter:label1\" content=\"Est. reading time\" \/>\n\t<meta name=\"twitter:data1\" content=\"1 minute\" \/>\n<script type=\"application\/ld+json\" class=\"yoast-schema-graph\">{\"@context\":\"https:\\\/\\\/schema.org\",\"@graph\":[{\"@type\":\"WebPage\",\"@id\":\"https:\\\/\\\/www.expresstaxi.sk\\\/en\\\/save\\\/\",\"url\":\"https:\\\/\\\/www.expresstaxi.sk\\\/en\\\/save\\\/\",\"name\":\"Save - Express Taxi Ke\u017emarok\",\"isPartOf\":{\"@id\":\"https:\\\/\\\/www.expresstaxi.sk\\\/en\\\/#website\"},\"primaryImageOfPage\":{\"@id\":\"https:\\\/\\\/www.expresstaxi.sk\\\/en\\\/save\\\/#primaryimage\"},\"image\":{\"@id\":\"https:\\\/\\\/www.expresstaxi.sk\\\/en\\\/save\\\/#primaryimage\"},\"thumbnailUrl\":\"https:\\\/\\\/www.expresstaxi.sk\\\/wp-content\\\/uploads\\\/2024\\\/08\\\/uloz-apple.gif\",\"datePublished\":\"2024-08-26T08:10:19+00:00\",\"dateModified\":\"2024-08-30T14:19:02+00:00\",\"description\":\"Express Taxi Ke\u017emarok - reliable taxi service in Ke\u017emarok. Only we drive on red! Fast and comfortable transport whenever you need.\",\"breadcrumb\":{\"@id\":\"https:\\\/\\\/www.expresstaxi.sk\\\/en\\\/save\\\/#breadcrumb\"},\"inLanguage\":\"en-US\",\"potentialAction\":[{\"@type\":\"ReadAction\",\"target\":[\"https:\\\/\\\/www.expresstaxi.sk\\\/en\\\/save\\\/\"]}]},{\"@type\":\"ImageObject\",\"inLanguage\":\"en-US\",\"@id\":\"https:\\\/\\\/www.expresstaxi.sk\\\/en\\\/save\\\/#primaryimage\",\"url\":\"https:\\\/\\\/www.expresstaxi.sk\\\/wp-content\\\/uploads\\\/2024\\\/08\\\/uloz-apple.gif\",\"contentUrl\":\"https:\\\/\\\/www.expresstaxi.sk\\\/wp-content\\\/uploads\\\/2024\\\/08\\\/uloz-apple.gif\"},{\"@type\":\"BreadcrumbList\",\"@id\":\"https:\\\/\\\/www.expresstaxi.sk\\\/en\\\/save\\\/#breadcrumb\",\"itemListElement\":[{\"@type\":\"ListItem\",\"position\":1,\"name\":\"Domovsk\u00e1 str\u00e1nka\",\"item\":\"https:\\\/\\\/www.expresstaxi.sk\\\/en\\\/express-taxi\\\/\"},{\"@type\":\"ListItem\",\"position\":2,\"name\":\"Save\"}]},{\"@type\":\"WebSite\",\"@id\":\"https:\\\/\\\/www.expresstaxi.sk\\\/en\\\/#website\",\"url\":\"https:\\\/\\\/www.expresstaxi.sk\\\/en\\\/\",\"name\":\"EXPRESS TAXI Ke\u017emarok\",\"description\":\"Only we drive on red\",\"publisher\":{\"@id\":\"https:\\\/\\\/www.expresstaxi.sk\\\/en\\\/#organization\"},\"alternateName\":\"EXPRESS TAXI KK\",\"potentialAction\":[{\"@type\":\"SearchAction\",\"target\":{\"@type\":\"EntryPoint\",\"urlTemplate\":\"https:\\\/\\\/www.expresstaxi.sk\\\/en\\\/?s={search_term_string}\"},\"query-input\":{\"@type\":\"PropertyValueSpecification\",\"valueRequired\":true,\"valueName\":\"search_term_string\"}}],\"inLanguage\":\"en-US\"},{\"@type\":\"Organization\",\"@id\":\"https:\\\/\\\/www.expresstaxi.sk\\\/en\\\/#organization\",\"name\":\"EXPRESS TAXI Ke\u017emarok\",\"alternateName\":\"EXPRESS TAXI KK\",\"url\":\"https:\\\/\\\/www.expresstaxi.sk\\\/en\\\/\",\"logo\":{\"@type\":\"ImageObject\",\"inLanguage\":\"en-US\",\"@id\":\"https:\\\/\\\/www.expresstaxi.sk\\\/en\\\/#\\\/schema\\\/logo\\\/image\\\/\",\"url\":\"https:\\\/\\\/www.expresstaxi.sk\\\/wp-content\\\/uploads\\\/2024\\\/08\\\/cropped-favicon.png\",\"contentUrl\":\"https:\\\/\\\/www.expresstaxi.sk\\\/wp-content\\\/uploads\\\/2024\\\/08\\\/cropped-favicon.png\",\"width\":512,\"height\":512,\"caption\":\"EXPRESS TAXI Ke\u017emarok\"},\"image\":{\"@id\":\"https:\\\/\\\/www.expresstaxi.sk\\\/en\\\/#\\\/schema\\\/logo\\\/image\\\/\"}}]}<\/script>\n<!-- \/ Yoast SEO plugin. -->","yoast_head_json":{"title":"Save - Express Taxi Ke\u017emarok","description":"Express Taxi Ke\u017emarok - reliable taxi service in Ke\u017emarok. Only we drive on red! Fast and comfortable transport whenever you need.","robots":{"index":"index","follow":"follow","max-snippet":"max-snippet:-1","max-image-preview":"max-image-preview:large","max-video-preview":"max-video-preview:-1"},"canonical":"https:\/\/www.expresstaxi.sk\/en\/save\/","og_locale":"en_US","og_type":"article","og_title":"Save - Express Taxi Ke\u017emarok","og_description":"Express Taxi Ke\u017emarok - reliable taxi service in Ke\u017emarok. Only we drive on red! Fast and comfortable transport whenever you need.","og_url":"https:\/\/www.expresstaxi.sk\/en\/save\/","og_site_name":"Express Taxi Ke\u017emarok","article_modified_time":"2024-08-30T14:19:02+00:00","og_image":[{"url":"https:\/\/www.expresstaxi.sk\/wp-content\/uploads\/2024\/08\/uloz-apple.gif","type":"","width":"","height":""}],"twitter_card":"summary_large_image","twitter_misc":{"Est. reading time":"1 minute"},"schema":{"@context":"https:\/\/schema.org","@graph":[{"@type":"WebPage","@id":"https:\/\/www.expresstaxi.sk\/en\/save\/","url":"https:\/\/www.expresstaxi.sk\/en\/save\/","name":"Save - Express Taxi Ke\u017emarok","isPartOf":{"@id":"https:\/\/www.expresstaxi.sk\/en\/#website"},"primaryImageOfPage":{"@id":"https:\/\/www.expresstaxi.sk\/en\/save\/#primaryimage"},"image":{"@id":"https:\/\/www.expresstaxi.sk\/en\/save\/#primaryimage"},"thumbnailUrl":"https:\/\/www.expresstaxi.sk\/wp-content\/uploads\/2024\/08\/uloz-apple.gif","datePublished":"2024-08-26T08:10:19+00:00","dateModified":"2024-08-30T14:19:02+00:00","description":"Express Taxi Ke\u017emarok - reliable taxi service in Ke\u017emarok. Only we drive on red! Fast and comfortable transport whenever you need.","breadcrumb":{"@id":"https:\/\/www.expresstaxi.sk\/en\/save\/#breadcrumb"},"inLanguage":"en-US","potentialAction":[{"@type":"ReadAction","target":["https:\/\/www.expresstaxi.sk\/en\/save\/"]}]},{"@type":"ImageObject","inLanguage":"en-US","@id":"https:\/\/www.expresstaxi.sk\/en\/save\/#primaryimage","url":"https:\/\/www.expresstaxi.sk\/wp-content\/uploads\/2024\/08\/uloz-apple.gif","contentUrl":"https:\/\/www.expresstaxi.sk\/wp-content\/uploads\/2024\/08\/uloz-apple.gif"},{"@type":"BreadcrumbList","@id":"https:\/\/www.expresstaxi.sk\/en\/save\/#breadcrumb","itemListElement":[{"@type":"ListItem","position":1,"name":"Domovsk\u00e1 str\u00e1nka","item":"https:\/\/www.expresstaxi.sk\/en\/express-taxi\/"},{"@type":"ListItem","position":2,"name":"Save"}]},{"@type":"WebSite","@id":"https:\/\/www.expresstaxi.sk\/en\/#website","url":"https:\/\/www.expresstaxi.sk\/en\/","name":"EXPRESS TAXI Ke\u017emarok","description":"Only we drive on red","publisher":{"@id":"https:\/\/www.expresstaxi.sk\/en\/#organization"},"alternateName":"EXPRESS TAXI KK","potentialAction":[{"@type":"SearchAction","target":{"@type":"EntryPoint","urlTemplate":"https:\/\/www.expresstaxi.sk\/en\/?s={search_term_string}"},"query-input":{"@type":"PropertyValueSpecification","valueRequired":true,"valueName":"search_term_string"}}],"inLanguage":"en-US"},{"@type":"Organization","@id":"https:\/\/www.expresstaxi.sk\/en\/#organization","name":"EXPRESS TAXI Ke\u017emarok","alternateName":"EXPRESS TAXI KK","url":"https:\/\/www.expresstaxi.sk\/en\/","logo":{"@type":"ImageObject","inLanguage":"en-US","@id":"https:\/\/www.expresstaxi.sk\/en\/#\/schema\/logo\/image\/","url":"https:\/\/www.expresstaxi.sk\/wp-content\/uploads\/2024\/08\/cropped-favicon.png","contentUrl":"https:\/\/www.expresstaxi.sk\/wp-content\/uploads\/2024\/08\/cropped-favicon.png","width":512,"height":512,"caption":"EXPRESS TAXI Ke\u017emarok"},"image":{"@id":"https:\/\/www.expresstaxi.sk\/en\/#\/schema\/logo\/image\/"}}]}},"_links":{"self":[{"href":"https:\/\/www.expresstaxi.sk\/en\/wp-json\/wp\/v2\/pages\/457","targetHints":{"allow":["GET"]}}],"collection":[{"href":"https:\/\/www.expresstaxi.sk\/en\/wp-json\/wp\/v2\/pages"}],"about":[{"href":"https:\/\/www.expresstaxi.sk\/en\/wp-json\/wp\/v2\/types\/page"}],"author":[{"embeddable":true,"href":"https:\/\/www.expresstaxi.sk\/en\/wp-json\/wp\/v2\/users\/1"}],"replies":[{"embeddable":true,"href":"https:\/\/www.expresstaxi.sk\/en\/wp-json\/wp\/v2\/comments?post=457"}],"version-history":[{"count":8,"href":"https:\/\/www.expresstaxi.sk\/en\/wp-json\/wp\/v2\/pages\/457\/revisions"}],"predecessor-version":[{"id":569,"href":"https:\/\/www.expresstaxi.sk\/en\/wp-json\/wp\/v2\/pages\/457\/revisions\/569"}],"wp:attachment":[{"href":"https:\/\/www.expresstaxi.sk\/en\/wp-json\/wp\/v2\/media?parent=457"}],"curies":[{"name":"wp","href":"https:\/\/api.w.org\/{rel}","templated":true}]}}