{"id":518,"date":"2024-08-26T10:04:40","date_gmt":"2024-08-26T08:04:40","guid":{"rendered":"https:\/\/www.expresstaxi.sk\/rate-us\/"},"modified":"2024-08-30T15:30:05","modified_gmt":"2024-08-30T13:30:05","slug":"rate-us","status":"publish","type":"page","link":"https:\/\/www.expresstaxi.sk\/en\/rate-us\/","title":{"rendered":"Rate us"},"content":{"rendered":"\t\t<div data-elementor-type=\"wp-page\" data-elementor-id=\"518\" class=\"elementor elementor-518 elementor-341\" data-elementor-post-type=\"page\">\n\t\t\t\t<div class=\"elementor-element elementor-element-373e134 e-flex e-con-boxed elementor-invisible e-con e-parent\" data-id=\"373e134\" data-element_type=\"container\" data-e-type=\"container\" data-settings=\"{&quot;animation&quot;:&quot;fadeInUp&quot;}\">\n\t\t\t\t\t<div class=\"e-con-inner\">\n\t\t\t\t<div class=\"elementor-element elementor-element-71ce212 elementor-widget elementor-widget-heading\" data-id=\"71ce212\" data-element_type=\"widget\" data-e-type=\"widget\" data-widget_type=\"heading.default\">\n\t\t\t\t<div class=\"elementor-widget-container\">\n\t\t\t\t\t<h1 class=\"elementor-heading-title elementor-size-default\">Did you enjoy the ride ?<\/h1>\t\t\t\t<\/div>\n\t\t\t\t<\/div>\n\t\t\t\t<div class=\"elementor-element elementor-element-a24774e elementor-widget elementor-widget-text-editor\" data-id=\"a24774e\" data-element_type=\"widget\" data-e-type=\"widget\" data-widget_type=\"text-editor.default\">\n\t\t\t\t<div class=\"elementor-widget-container\">\n\t\t\t\t\t\t\t\t\t<p>Write us a review and download our app so we can <strong>give<\/strong> you <strong>an express ride<\/strong> next time too <strong>!<\/strong><\/p>\n\t\t\t\t\t\t\t\t<\/div>\n\t\t\t\t<\/div>\n\t\t\t\t\t<\/div>\n\t\t\t\t<\/div>\n\t\t<div class=\"elementor-element elementor-element-565f046 e-flex e-con-boxed e-con e-parent\" data-id=\"565f046\" data-element_type=\"container\" data-e-type=\"container\">\n\t\t\t\t\t<div class=\"e-con-inner\">\n\t\t<div class=\"elementor-element elementor-element-7206dcc e-con-full e-flex elementor-invisible e-con e-child\" data-id=\"7206dcc\" data-element_type=\"container\" data-e-type=\"container\" data-settings=\"{&quot;background_background&quot;:&quot;classic&quot;,&quot;animation&quot;:&quot;fadeInLeft&quot;}\">\n\t\t\t\t<div class=\"elementor-element elementor-element-5d35b2f elementor-view-default elementor-widget elementor-widget-icon\" data-id=\"5d35b2f\" data-element_type=\"widget\" data-e-type=\"widget\" data-widget_type=\"icon.default\">\n\t\t\t\t<div class=\"elementor-widget-container\">\n\t\t\t\t\t\t\t<div class=\"elementor-icon-wrapper\">\n\t\t\t<div class=\"elementor-icon\">\n\t\t\t<svg xmlns=\"http:\/\/www.w3.org\/2000\/svg\" xmlns:svg=\"http:\/\/www.w3.org\/2000\/svg\" id=\"svg2490\" xml:space=\"preserve\" width=\"682.66669\" height=\"682.66669\" viewBox=\"0 0 682.66669 682.66669\"><defs id=\"defs2494\"><clipPath clipPathUnits=\"userSpaceOnUse\" id=\"clipPath2504\"><path d=\"M 0,512 H 512 V 0 H 0 Z\" id=\"path2502\"><\/path><\/clipPath><\/defs><g id=\"g2496\" transform=\"matrix(1.3333333,0,0,-1.3333333,0,682.66667)\"><g id=\"g2498\"><g id=\"g2500\" clip-path=\"url(#clipPath2504)\"><g id=\"g2506\" transform=\"translate(114.9709,453.9951)\"><path d=\"m 0,0 13.947,-28.26 c 0.398,-0.806 1.168,-1.365 2.058,-1.495 l 31.186,-4.531 c 2.242,-0.326 3.137,-3.08 1.515,-4.661 L 26.139,-60.945 c -0.644,-0.627 -0.938,-1.532 -0.786,-2.418 l 5.327,-31.061 c 0.383,-2.232 -1.96,-3.935 -3.965,-2.881 L -1.179,-82.64 c -0.796,0.419 -1.747,0.419 -2.543,0 l -27.894,-14.665 c -2.005,-1.054 -4.348,0.649 -3.965,2.881 l 5.327,31.061 c 0.152,0.886 -0.141,1.791 -0.785,2.418 l -22.567,21.998 c -1.622,1.581 -0.727,4.335 1.514,4.661 l 31.187,4.531 c 0.89,0.13 1.659,0.689 2.057,1.495 L -4.901,0 C -3.898,2.031 -1.002,2.031 0,0 Z\" style=\"fill:none;stroke:#000000;stroke-width:15;stroke-linecap:round;stroke-linejoin:round;stroke-miterlimit:10;stroke-dasharray:none;stroke-opacity:1\" id=\"path2508\"><\/path><\/g><g id=\"g2510\" transform=\"translate(258.4503,453.9951)\"><path d=\"m 0,0 13.947,-28.26 c 0.398,-0.806 1.168,-1.365 2.058,-1.495 l 31.186,-4.531 c 2.242,-0.326 3.137,-3.08 1.515,-4.661 L 26.139,-60.945 c -0.644,-0.627 -0.938,-1.532 -0.786,-2.418 l 5.327,-31.061 c 0.383,-2.232 -1.96,-3.935 -3.965,-2.881 L -1.179,-82.64 c -0.796,0.419 -1.747,0.419 -2.543,0 l -27.894,-14.665 c -2.005,-1.054 -4.348,0.649 -3.965,2.881 l 5.327,31.061 c 0.152,0.886 -0.141,1.791 -0.785,2.418 l -22.567,21.998 c -1.622,1.581 -0.727,4.335 1.514,4.661 l 31.187,4.531 c 0.89,0.13 1.659,0.689 2.057,1.495 L -4.901,0 C -3.898,2.031 -1.002,2.031 0,0 Z\" style=\"fill:none;stroke:#000000;stroke-width:15;stroke-linecap:round;stroke-linejoin:round;stroke-miterlimit:10;stroke-dasharray:none;stroke-opacity:1\" id=\"path2512\"><\/path><\/g><g id=\"g2514\" transform=\"translate(401.9298,453.9951)\"><path d=\"m 0,0 13.947,-28.26 c 0.398,-0.806 1.168,-1.365 2.058,-1.495 l 31.186,-4.531 c 2.242,-0.326 3.137,-3.08 1.515,-4.661 L 26.139,-60.945 c -0.644,-0.627 -0.938,-1.532 -0.786,-2.418 l 5.327,-31.061 c 0.383,-2.232 -1.96,-3.935 -3.965,-2.881 L -1.179,-82.64 c -0.796,0.419 -1.747,0.419 -2.543,0 l -27.894,-14.665 c -2.005,-1.054 -4.348,0.649 -3.965,2.881 l 5.327,31.061 c 0.152,0.886 -0.141,1.791 -0.785,2.418 l -22.567,21.998 c -1.622,1.581 -0.727,4.335 1.514,4.661 l 31.187,4.531 c 0.89,0.13 1.659,0.689 2.057,1.495 L -4.901,0 C -3.898,2.031 -1.002,2.031 0,0 Z\" style=\"fill:none;stroke:#000000;stroke-width:15;stroke-linecap:round;stroke-linejoin:round;stroke-miterlimit:10;stroke-dasharray:none;stroke-opacity:1\" id=\"path2516\"><\/path><\/g><g id=\"g2518\" transform=\"translate(92.0005,504.5)\"><path d=\"M 0,0 H -45.716 C -67.136,0 -84.5,-17.364 -84.5,-38.784 v -119.543 c 0,-21.42 17.364,-38.784 38.784,-38.784 H -16 l 37,-49.389 37,49.389 h 315.715 c 21.42,0 38.785,17.364 38.785,38.784 V -38.784 C 412.5,-17.364 395.135,0 373.715,0 H 38\" style=\"fill:none;stroke:#000000;stroke-width:15;stroke-linecap:round;stroke-linejoin:round;stroke-miterlimit:10;stroke-dasharray:none;stroke-opacity:1\" id=\"path2520\"><\/path><\/g><g id=\"g2522\" transform=\"translate(150.3992,135.5)\"><path d=\"m 0,0 c 0,-20.987 -17.013,-38 -38,-38 -20.987,0 -38,17.013 -38,38 0,20.987 17.013,38 38,38 C -17.013,38 0,20.987 0,0 Z\" style=\"fill:none;stroke:#000000;stroke-width:15;stroke-linecap:round;stroke-linejoin:round;stroke-miterlimit:10;stroke-dasharray:none;stroke-opacity:1\" id=\"path2524\"><\/path><\/g><g id=\"g2526\" transform=\"translate(43.858,36.5001)\"><path d=\"m 0,0 c 3.965,34.339 33.139,61 68.541,61 36.087,0 65.703,-27.702 68.743,-63.001\" style=\"fill:none;stroke:#000000;stroke-width:15;stroke-linecap:round;stroke-linejoin:round;stroke-miterlimit:10;stroke-dasharray:none;stroke-opacity:1\" id=\"path2528\"><\/path><\/g><g id=\"g2530\" transform=\"translate(217.5,112.5)\"><path d=\"m 0,0 c 0,-57.99 -47.01,-105 -105,-105 -57.99,0 -105,47.01 -105,105 0,57.99 47.01,105 105,105 C -47.01,105 0,57.99 0,0 Z\" style=\"fill:none;stroke:#000000;stroke-width:15;stroke-linecap:round;stroke-linejoin:round;stroke-miterlimit:10;stroke-dasharray:none;stroke-opacity:1\" id=\"path2532\"><\/path><\/g><g id=\"g2534\" transform=\"translate(486,170)\"><path d=\"m 0,0 h -206 c -10.217,0 -18.5,8.283 -18.5,18.5 v 0 c 0,10.217 8.283,18.5 18.5,18.5 H 0 c 10.217,0 18.5,-8.283 18.5,-18.5 v 0 C 18.5,8.283 10.217,0 0,0 Z\" style=\"fill:none;stroke:#000000;stroke-width:15;stroke-linecap:round;stroke-linejoin:round;stroke-miterlimit:10;stroke-dasharray:none;stroke-opacity:1\" id=\"path2536\"><\/path><\/g><g id=\"g2538\" transform=\"translate(474,131)\"><path d=\"M 0,0 H 12.5 C 22.717,0 31,-8.283 31,-18.5 v 0 C 31,-28.717 22.717,-37 12.5,-37 h -206 c -10.217,0 -18.5,8.283 -18.5,18.5 v 0 c 0,10.217 8.283,18.5 18.5,18.5 H -38\" style=\"fill:none;stroke:#000000;stroke-width:15;stroke-linecap:round;stroke-linejoin:round;stroke-miterlimit:10;stroke-dasharray:none;stroke-opacity:1\" id=\"path2540\"><\/path><\/g><g id=\"g2542\" transform=\"translate(306,18)\"><path d=\"m 0,0 h -25 c -10.217,0 -18.5,8.283 -18.5,18.5 v 0 c 0,10.217 8.283,18.5 18.5,18.5 h 206 c 10.217,0 18.5,-8.283 18.5,-18.5 v 0 C 199.5,8.283 191.217,0 181,0 H 37\" style=\"fill:none;stroke:#000000;stroke-width:15;stroke-linecap:round;stroke-linejoin:round;stroke-miterlimit:10;stroke-dasharray:none;stroke-opacity:1\" id=\"path2544\"><\/path><\/g><\/g><\/g><\/g><\/svg>\t\t\t<\/div>\n\t\t<\/div>\n\t\t\t\t\t\t<\/div>\n\t\t\t\t<\/div>\n\t\t\t\t<div class=\"elementor-element elementor-element-55acf4f elementor-widget elementor-widget-heading\" data-id=\"55acf4f\" data-element_type=\"widget\" data-e-type=\"widget\" data-widget_type=\"heading.default\">\n\t\t\t\t<div class=\"elementor-widget-container\">\n\t\t\t\t\t<h2 class=\"elementor-heading-title elementor-size-default\">Write us a review <br>on google<\/h2>\t\t\t\t<\/div>\n\t\t\t\t<\/div>\n\t\t\t\t<div class=\"elementor-element elementor-element-7c71a6b elementor-widget elementor-widget-button\" data-id=\"7c71a6b\" data-element_type=\"widget\" data-e-type=\"widget\" data-widget_type=\"button.default\">\n\t\t\t\t<div class=\"elementor-widget-container\">\n\t\t\t\t\t\t\t\t\t<div class=\"elementor-button-wrapper\">\n\t\t\t\t\t<a class=\"elementor-button elementor-button-link elementor-size-sm\" href=\"https:\/\/g.page\/r\/CRtbCStoCu_MEAE\/review\" target=\"_blank\" id=\"stiahnut-vizitku\">\n\t\t\t\t\t\t<span class=\"elementor-button-content-wrapper\">\n\t\t\t\t\t\t<span class=\"elementor-button-icon\">\n\t\t\t\t<svg aria-hidden=\"true\" class=\"e-font-icon-svg e-fas-pencil-alt\" viewBox=\"0 0 512 512\" xmlns=\"http:\/\/www.w3.org\/2000\/svg\"><path d=\"M497.9 142.1l-46.1 46.1c-4.7 4.7-12.3 4.7-17 0l-111-111c-4.7-4.7-4.7-12.3 0-17l46.1-46.1c18.7-18.7 49.1-18.7 67.9 0l60.1 60.1c18.8 18.7 18.8 49.1 0 67.9zM284.2 99.8L21.6 362.4.4 483.9c-2.9 16.4 11.4 30.6 27.8 27.8l121.5-21.3 262.6-262.6c4.7-4.7 4.7-12.3 0-17l-111-111c-4.8-4.7-12.4-4.7-17.1 0zM124.1 339.9c-5.5-5.5-5.5-14.3 0-19.8l154-154c5.5-5.5 14.3-5.5 19.8 0s5.5 14.3 0 19.8l-154 154c-5.5 5.5-14.3 5.5-19.8 0zM88 424h48v36.3l-64.5 11.3-31.1-31.1L51.7 376H88v48z\"><\/path><\/svg>\t\t\t<\/span>\n\t\t\t\t\t\t\t\t\t<span class=\"elementor-button-text\">Write a review<\/span>\n\t\t\t\t\t<\/span>\n\t\t\t\t\t<\/a>\n\t\t\t\t<\/div>\n\t\t\t\t\t\t\t\t<\/div>\n\t\t\t\t<\/div>\n\t\t\t\t<\/div>\n\t\t<div class=\"elementor-element elementor-element-5d59be4 e-con-full e-flex elementor-invisible e-con e-child\" data-id=\"5d59be4\" data-element_type=\"container\" data-e-type=\"container\" data-settings=\"{&quot;background_background&quot;:&quot;classic&quot;,&quot;animation&quot;:&quot;fadeInRight&quot;}\">\n\t\t\t\t<div class=\"elementor-element elementor-element-1021438 elementor-view-default elementor-widget elementor-widget-icon\" data-id=\"1021438\" data-element_type=\"widget\" data-e-type=\"widget\" data-widget_type=\"icon.default\">\n\t\t\t\t<div class=\"elementor-widget-container\">\n\t\t\t\t\t\t\t<div class=\"elementor-icon-wrapper\">\n\t\t\t<div class=\"elementor-icon\">\n\t\t\t<svg xmlns=\"http:\/\/www.w3.org\/2000\/svg\" id=\"Layer_1\" viewBox=\"0 0 512 512\"><path d=\"m229.093 448.097c0 11.939 9.714 21.653 21.653 21.653h36.496c11.939 0 21.653-9.714 21.653-21.653s-9.714-21.653-21.653-21.653h-36.496c-11.939-.001-21.653 9.713-21.653 21.653zm63.803 0c0 3.117-2.536 5.653-5.653 5.653h-36.496c-3.117 0-5.653-2.536-5.653-5.653s2.536-5.653 5.653-5.653h36.496c3.116-.001 5.653 2.535 5.653 5.653zm-175.863-147.491c5.977-6.224 9.662-14.663 9.662-23.953 0-19.087-15.528-34.615-34.615-34.615s-34.615 15.528-34.615 34.615c0 9.289 3.685 17.729 9.661 23.952-19.075 8.582-32.979 26.746-35.337 48.788-.242 2.257.486 4.511 2.004 6.199s3.681 2.652 5.95 2.652l104.674-.001c2.27 0 4.433-.965 5.95-2.652 1.518-1.688 2.246-3.942 2.004-6.199-2.36-22.041-16.264-40.204-35.338-48.786zm-24.954-42.568c10.265 0 18.615 8.351 18.615 18.615s-8.351 18.615-18.615 18.615-18.615-8.351-18.615-18.615 8.35-18.615 18.615-18.615zm-42.524 84.207c5.785-18.16 22.735-30.977 42.523-30.977s36.738 12.816 42.523 30.976zm187.275-42.103c0 4.418-3.582 8-8 8h-55.953c-4.418 0-8-3.582-8-8s3.582-8 8-8h55.953c4.418 0 8 3.582 8 8zm0 35.585c0 4.418-3.582 8-8 8h-55.953c-4.418 0-8-3.582-8-8s3.582-8 8-8h55.953c4.418 0 8 3.582 8 8zm0-71.17c0 4.418-3.582 8-8 8h-55.953c-4.418 0-8-3.582-8-8s3.582-8 8-8h55.953c4.418 0 8 3.582 8 8zm249.451-175.045h-78.061v-52.728c0-15.871-12.912-28.784-28.784-28.784h-220.883c-15.872 0-28.784 12.913-28.784 28.784v166.901h-103.454c-9.319 0-16.901 7.582-16.901 16.901v159.111c0 9.319 7.582 16.901 16.901 16.901h103.453v78.617c0 15.872 12.912 28.784 28.784 28.784h220.883c15.872 0 28.784-12.912 28.784-28.784v-168.908c3.81 1.116 7.65 2.141 11.521 3.065 3.256.777 6.514 1.155 9.722 1.155 13.643-.001 26.36-6.834 34.027-18.834l16.729-26.183c3.453-5.404 4.277-11.974 2.261-18.024s-6.615-10.812-12.619-13.064l-50.02-18.767c-3.859-1.449-7.822-1.755-11.62-.964v-20.354h78.062c8.99 0 16.305-7.314 16.305-16.305v-72.217c-.001-8.989-7.316-16.303-16.306-16.303zm-57.6 55.393-44.721-39.393h89.441zm-25.362-1.018-32.545 25.871v-54.539zm12.198 10.744 7.876 6.938c1.512 1.332 3.399 1.997 5.288 1.997s3.776-.666 5.288-1.997l7.875-6.938 29.822 23.707h-85.973zm38.524-10.744 32.545-28.668v54.539zm-122.135-119.887-4.837 14.887h-116.149l-4.837-14.887zm-306.492 355.697v-159.111c0-.48.421-.901.901-.901h222.906c.479 0 .9.421.9.901v159.111c0 .48-.421.901-.9.901h-222.906c-.48.001-.901-.42-.901-.901zm388.805-149.062 50.02 18.768c2.003.751 2.777 2.291 3.062 3.142.283.852.587 2.549-.564 4.352l-16.729 26.182c-5.836 9.134-16.012 13.245-26.553 10.731-40.315-9.621-77.329-30.58-107.102-60.672-30.031-29.711-50.99-66.725-60.611-107.04-2.516-10.542 1.597-20.717 10.731-26.553l26.183-16.728c.987-.631 1.943-.825 2.746-.825.662 0 1.22.132 1.604.261.852.284 2.392 1.058 3.143 3.062l18.768 50.019c.614 1.636.458 3.082-.492 4.549l-10.91 16.846c-4.523 6.985-4.571 15.694-.123 22.728 7.932 12.542 17.314 24.252 27.888 34.808 10.561 10.579 22.275 19.965 34.819 27.898 7.034 4.448 15.743 4.401 22.728-.124l16.844-10.909c1.466-.954 2.91-1.111 4.548-.495zm-21.999-7.268-8.092 5.241c-1.759 1.14-3.705 1.151-5.479.03-11.541-7.299-22.323-15.938-32.046-25.679-.004-.003-.007-.007-.011-.01-9.738-9.721-18.378-20.503-25.678-32.046-1.121-1.773-1.111-3.719.029-5.479l10.91-16.846c3.725-5.752 4.45-12.452 2.043-18.867l-18.768-50.018c-2.253-6.004-7.015-10.604-13.064-12.62-6.053-2.017-12.621-1.192-18.024 2.261l-26.183 16.728c-14.821 9.47-21.761 26.643-17.679 43.75 10.314 43.224 32.765 82.887 64.86 114.64 24.929 25.197 54.677 44.432 87.181 56.541v174.224c0 7.049-5.735 12.784-12.784 12.784h-220.882c-7.049 0-12.784-5.735-12.784-12.784v-78.617h103.453c9.319 0 16.9-7.582 16.9-16.901v-159.113c0-9.319-7.581-16.901-16.9-16.901h-103.453v-166.901c0-7.049 5.735-12.784 12.784-12.784h30.707l8.24 25.359c1.071 3.296 4.143 5.528 7.608 5.528h127.773c3.466 0 6.537-2.231 7.608-5.528l8.24-25.359h30.707c7.049 0 12.784 5.735 12.784 12.784v52.728h-21.141c-8.99 0-16.305 7.314-16.305 16.305v72.217c0 8.99 7.314 16.305 16.305 16.305h21.141z\"><\/path><\/svg>\t\t\t<\/div>\n\t\t<\/div>\n\t\t\t\t\t\t<\/div>\n\t\t\t\t<\/div>\n\t\t\t\t<div class=\"elementor-element elementor-element-d165633 elementor-widget elementor-widget-heading\" data-id=\"d165633\" data-element_type=\"widget\" data-e-type=\"widget\" data-widget_type=\"heading.default\">\n\t\t\t\t<div class=\"elementor-widget-container\">\n\t\t\t\t\t<h2 class=\"elementor-heading-title elementor-size-default\">Save us <br>to your mobile<\/h2>\t\t\t\t<\/div>\n\t\t\t\t<\/div>\n\t\t\t\t<div class=\"elementor-element elementor-element-ec8eda5 elementor-widget elementor-widget-button\" data-id=\"ec8eda5\" data-element_type=\"widget\" data-e-type=\"widget\" data-widget_type=\"button.default\">\n\t\t\t\t<div class=\"elementor-widget-container\">\n\t\t\t\t\t\t\t\t\t<div class=\"elementor-button-wrapper\">\n\t\t\t\t\t<a class=\"elementor-button elementor-button-link elementor-size-sm\" href=\"https:\/\/www.expresstaxi.sk\/en\/save\/\" id=\"stiahnut-vizitku\">\n\t\t\t\t\t\t<span class=\"elementor-button-content-wrapper\">\n\t\t\t\t\t\t<span class=\"elementor-button-icon\">\n\t\t\t\t<svg aria-hidden=\"true\" class=\"e-font-icon-svg e-fas-download\" viewBox=\"0 0 512 512\" xmlns=\"http:\/\/www.w3.org\/2000\/svg\"><path d=\"M216 0h80c13.3 0 24 10.7 24 24v168h87.7c17.8 0 26.7 21.5 14.1 34.1L269.7 378.3c-7.5 7.5-19.8 7.5-27.3 0L90.1 226.1c-12.6-12.6-3.7-34.1 14.1-34.1H192V24c0-13.3 10.7-24 24-24zm296 376v112c0 13.3-10.7 24-24 24H24c-13.3 0-24-10.7-24-24V376c0-13.3 10.7-24 24-24h146.7l49 49c20.1 20.1 52.5 20.1 72.6 0l49-49H488c13.3 0 24 10.7 24 24zm-124 88c0-11-9-20-20-20s-20 9-20 20 9 20 20 20 20-9 20-20zm64 0c0-11-9-20-20-20s-20 9-20 20 9 20 20 20 20-9 20-20z\"><\/path><\/svg>\t\t\t<\/span>\n\t\t\t\t\t\t\t\t\t<span class=\"elementor-button-text\">Save to mobile<\/span>\n\t\t\t\t\t<\/span>\n\t\t\t\t\t<\/a>\n\t\t\t\t<\/div>\n\t\t\t\t\t\t\t\t<\/div>\n\t\t\t\t<\/div>\n\t\t\t\t<\/div>\n\t\t\t\t\t<\/div>\n\t\t\t\t<\/div>\n\t\t\t\t<\/div>\n\t\t","protected":false},"excerpt":{"rendered":"<p>Did you enjoy the ride ? Write us a review and download our app so we can give you an express ride next time too ! Write us a review on google Write a review Save us to your mobile Save to mobile<\/p>\n","protected":false},"author":1,"featured_media":0,"parent":0,"menu_order":0,"comment_status":"closed","ping_status":"closed","template":"","meta":{"footnotes":""},"class_list":["post-518","page","type-page","status-publish","hentry"],"yoast_head":"<!-- This site is optimized with the Yoast SEO plugin v27.5 - https:\/\/yoast.com\/product\/yoast-seo-wordpress\/ -->\n<title>Rate us - Express Taxi Ke\u017emarok<\/title>\n<meta name=\"description\" content=\"Express Taxi Ke\u017emarok - reliable taxi service in Ke\u017emarok. Only we drive on red! Fast and comfortable transport whenever you need.\" \/>\n<meta name=\"robots\" content=\"index, follow, max-snippet:-1, max-image-preview:large, max-video-preview:-1\" \/>\n<link rel=\"canonical\" href=\"https:\/\/www.expresstaxi.sk\/en\/rate-us\/\" \/>\n<meta property=\"og:locale\" content=\"en_US\" \/>\n<meta property=\"og:type\" content=\"article\" \/>\n<meta property=\"og:title\" content=\"Rate us - Express Taxi Ke\u017emarok\" \/>\n<meta property=\"og:description\" content=\"Express Taxi Ke\u017emarok - reliable taxi service in Ke\u017emarok. Only we drive on red! Fast and comfortable transport whenever you need.\" \/>\n<meta property=\"og:url\" content=\"https:\/\/www.expresstaxi.sk\/en\/rate-us\/\" \/>\n<meta property=\"og:site_name\" content=\"Express Taxi Ke\u017emarok\" \/>\n<meta property=\"article:modified_time\" content=\"2024-08-30T13:30:05+00:00\" \/>\n<meta property=\"og:image\" content=\"https:\/\/www.expresstaxi.sk\/wp-content\/uploads\/2024\/08\/logo-red-black.png\" \/>\n\t<meta property=\"og:image:width\" content=\"3682\" \/>\n\t<meta property=\"og:image:height\" content=\"1025\" \/>\n\t<meta property=\"og:image:type\" content=\"image\/png\" \/>\n<meta name=\"twitter:card\" content=\"summary_large_image\" \/>\n<script type=\"application\/ld+json\" class=\"yoast-schema-graph\">{\"@context\":\"https:\\\/\\\/schema.org\",\"@graph\":[{\"@type\":\"WebPage\",\"@id\":\"https:\\\/\\\/www.expresstaxi.sk\\\/en\\\/rate-us\\\/\",\"url\":\"https:\\\/\\\/www.expresstaxi.sk\\\/en\\\/rate-us\\\/\",\"name\":\"Rate us - Express Taxi Ke\u017emarok\",\"isPartOf\":{\"@id\":\"https:\\\/\\\/www.expresstaxi.sk\\\/en\\\/#website\"},\"datePublished\":\"2024-08-26T08:04:40+00:00\",\"dateModified\":\"2024-08-30T13:30:05+00:00\",\"description\":\"Express Taxi Ke\u017emarok - reliable taxi service in Ke\u017emarok. Only we drive on red! Fast and comfortable transport whenever you need.\",\"breadcrumb\":{\"@id\":\"https:\\\/\\\/www.expresstaxi.sk\\\/en\\\/rate-us\\\/#breadcrumb\"},\"inLanguage\":\"en-US\",\"potentialAction\":[{\"@type\":\"ReadAction\",\"target\":[\"https:\\\/\\\/www.expresstaxi.sk\\\/en\\\/rate-us\\\/\"]}]},{\"@type\":\"BreadcrumbList\",\"@id\":\"https:\\\/\\\/www.expresstaxi.sk\\\/en\\\/rate-us\\\/#breadcrumb\",\"itemListElement\":[{\"@type\":\"ListItem\",\"position\":1,\"name\":\"Domovsk\u00e1 str\u00e1nka\",\"item\":\"https:\\\/\\\/www.expresstaxi.sk\\\/en\\\/express-taxi\\\/\"},{\"@type\":\"ListItem\",\"position\":2,\"name\":\"Rate us\"}]},{\"@type\":\"WebSite\",\"@id\":\"https:\\\/\\\/www.expresstaxi.sk\\\/en\\\/#website\",\"url\":\"https:\\\/\\\/www.expresstaxi.sk\\\/en\\\/\",\"name\":\"EXPRESS TAXI Ke\u017emarok\",\"description\":\"Only we drive on red\",\"publisher\":{\"@id\":\"https:\\\/\\\/www.expresstaxi.sk\\\/en\\\/#organization\"},\"alternateName\":\"EXPRESS TAXI KK\",\"potentialAction\":[{\"@type\":\"SearchAction\",\"target\":{\"@type\":\"EntryPoint\",\"urlTemplate\":\"https:\\\/\\\/www.expresstaxi.sk\\\/en\\\/?s={search_term_string}\"},\"query-input\":{\"@type\":\"PropertyValueSpecification\",\"valueRequired\":true,\"valueName\":\"search_term_string\"}}],\"inLanguage\":\"en-US\"},{\"@type\":\"Organization\",\"@id\":\"https:\\\/\\\/www.expresstaxi.sk\\\/en\\\/#organization\",\"name\":\"EXPRESS TAXI Ke\u017emarok\",\"alternateName\":\"EXPRESS TAXI KK\",\"url\":\"https:\\\/\\\/www.expresstaxi.sk\\\/en\\\/\",\"logo\":{\"@type\":\"ImageObject\",\"inLanguage\":\"en-US\",\"@id\":\"https:\\\/\\\/www.expresstaxi.sk\\\/en\\\/#\\\/schema\\\/logo\\\/image\\\/\",\"url\":\"https:\\\/\\\/www.expresstaxi.sk\\\/wp-content\\\/uploads\\\/2024\\\/08\\\/cropped-favicon.png\",\"contentUrl\":\"https:\\\/\\\/www.expresstaxi.sk\\\/wp-content\\\/uploads\\\/2024\\\/08\\\/cropped-favicon.png\",\"width\":512,\"height\":512,\"caption\":\"EXPRESS TAXI Ke\u017emarok\"},\"image\":{\"@id\":\"https:\\\/\\\/www.expresstaxi.sk\\\/en\\\/#\\\/schema\\\/logo\\\/image\\\/\"}}]}<\/script>\n<!-- \/ Yoast SEO plugin. -->","yoast_head_json":{"title":"Rate us - Express Taxi Ke\u017emarok","description":"Express Taxi Ke\u017emarok - reliable taxi service in Ke\u017emarok. Only we drive on red! Fast and comfortable transport whenever you need.","robots":{"index":"index","follow":"follow","max-snippet":"max-snippet:-1","max-image-preview":"max-image-preview:large","max-video-preview":"max-video-preview:-1"},"canonical":"https:\/\/www.expresstaxi.sk\/en\/rate-us\/","og_locale":"en_US","og_type":"article","og_title":"Rate us - Express Taxi Ke\u017emarok","og_description":"Express Taxi Ke\u017emarok - reliable taxi service in Ke\u017emarok. Only we drive on red! Fast and comfortable transport whenever you need.","og_url":"https:\/\/www.expresstaxi.sk\/en\/rate-us\/","og_site_name":"Express Taxi Ke\u017emarok","article_modified_time":"2024-08-30T13:30:05+00:00","og_image":[{"width":3682,"height":1025,"url":"https:\/\/www.expresstaxi.sk\/wp-content\/uploads\/2024\/08\/logo-red-black.png","type":"image\/png"}],"twitter_card":"summary_large_image","schema":{"@context":"https:\/\/schema.org","@graph":[{"@type":"WebPage","@id":"https:\/\/www.expresstaxi.sk\/en\/rate-us\/","url":"https:\/\/www.expresstaxi.sk\/en\/rate-us\/","name":"Rate us - Express Taxi Ke\u017emarok","isPartOf":{"@id":"https:\/\/www.expresstaxi.sk\/en\/#website"},"datePublished":"2024-08-26T08:04:40+00:00","dateModified":"2024-08-30T13:30:05+00:00","description":"Express Taxi Ke\u017emarok - reliable taxi service in Ke\u017emarok. Only we drive on red! Fast and comfortable transport whenever you need.","breadcrumb":{"@id":"https:\/\/www.expresstaxi.sk\/en\/rate-us\/#breadcrumb"},"inLanguage":"en-US","potentialAction":[{"@type":"ReadAction","target":["https:\/\/www.expresstaxi.sk\/en\/rate-us\/"]}]},{"@type":"BreadcrumbList","@id":"https:\/\/www.expresstaxi.sk\/en\/rate-us\/#breadcrumb","itemListElement":[{"@type":"ListItem","position":1,"name":"Domovsk\u00e1 str\u00e1nka","item":"https:\/\/www.expresstaxi.sk\/en\/express-taxi\/"},{"@type":"ListItem","position":2,"name":"Rate us"}]},{"@type":"WebSite","@id":"https:\/\/www.expresstaxi.sk\/en\/#website","url":"https:\/\/www.expresstaxi.sk\/en\/","name":"EXPRESS TAXI Ke\u017emarok","description":"Only we drive on red","publisher":{"@id":"https:\/\/www.expresstaxi.sk\/en\/#organization"},"alternateName":"EXPRESS TAXI KK","potentialAction":[{"@type":"SearchAction","target":{"@type":"EntryPoint","urlTemplate":"https:\/\/www.expresstaxi.sk\/en\/?s={search_term_string}"},"query-input":{"@type":"PropertyValueSpecification","valueRequired":true,"valueName":"search_term_string"}}],"inLanguage":"en-US"},{"@type":"Organization","@id":"https:\/\/www.expresstaxi.sk\/en\/#organization","name":"EXPRESS TAXI Ke\u017emarok","alternateName":"EXPRESS TAXI KK","url":"https:\/\/www.expresstaxi.sk\/en\/","logo":{"@type":"ImageObject","inLanguage":"en-US","@id":"https:\/\/www.expresstaxi.sk\/en\/#\/schema\/logo\/image\/","url":"https:\/\/www.expresstaxi.sk\/wp-content\/uploads\/2024\/08\/cropped-favicon.png","contentUrl":"https:\/\/www.expresstaxi.sk\/wp-content\/uploads\/2024\/08\/cropped-favicon.png","width":512,"height":512,"caption":"EXPRESS TAXI Ke\u017emarok"},"image":{"@id":"https:\/\/www.expresstaxi.sk\/en\/#\/schema\/logo\/image\/"}}]}},"_links":{"self":[{"href":"https:\/\/www.expresstaxi.sk\/en\/wp-json\/wp\/v2\/pages\/518","targetHints":{"allow":["GET"]}}],"collection":[{"href":"https:\/\/www.expresstaxi.sk\/en\/wp-json\/wp\/v2\/pages"}],"about":[{"href":"https:\/\/www.expresstaxi.sk\/en\/wp-json\/wp\/v2\/types\/page"}],"author":[{"embeddable":true,"href":"https:\/\/www.expresstaxi.sk\/en\/wp-json\/wp\/v2\/users\/1"}],"replies":[{"embeddable":true,"href":"https:\/\/www.expresstaxi.sk\/en\/wp-json\/wp\/v2\/comments?post=518"}],"version-history":[{"count":3,"href":"https:\/\/www.expresstaxi.sk\/en\/wp-json\/wp\/v2\/pages\/518\/revisions"}],"predecessor-version":[{"id":530,"href":"https:\/\/www.expresstaxi.sk\/en\/wp-json\/wp\/v2\/pages\/518\/revisions\/530"}],"wp:attachment":[{"href":"https:\/\/www.expresstaxi.sk\/en\/wp-json\/wp\/v2\/media?parent=518"}],"curies":[{"name":"wp","href":"https:\/\/api.w.org\/{rel}","templated":true}]}}